{"id":326,"date":"2024-01-18T21:55:46","date_gmt":"2024-01-18T20:55:46","guid":{"rendered":"http:\/\/errcojo.cluster029.hosting.ovh.net\/?page_id=326"},"modified":"2024-07-06T15:15:59","modified_gmt":"2024-07-06T13:15:59","slug":"n1","status":"publish","type":"page","link":"https:\/\/www.atelier21peinture.fr\/index.php\/n1\/","title":{"rendered":"Andr\u00e9e MARCHADIER"},"content":{"rendered":"\n<div class=\"wp-block-columns alignwide is-layout-flex wp-container-core-columns-is-layout-28f84493 wp-block-columns-is-layout-flex\">\n<div class=\"wp-block-column is-layout-flow wp-block-column-is-layout-flow\">\n<div class=\"wp-block-columns is-layout-flex wp-container-core-columns-is-layout-28f84493 wp-block-columns-is-layout-flex\">\n<div class=\"wp-block-column is-layout-flow wp-block-column-is-layout-flow\"><\/div>\n<\/div>\n\n\n\n<p>               <strong>Apr\u00e8s une carri\u00e8re bien remplie, cette ex-infirmi\u00e8re a montr\u00e9, elle aussi, une attirance pour la peinture et d\u00e9cid\u00e9 de consacrer \u00e0 cet art une partie du temps qu&rsquo;elle a d\u00e9sormais libre.<\/strong><\/p>\n\n\n\n<div class=\"wp-block-columns is-layout-flex wp-container-core-columns-is-layout-28f84493 wp-block-columns-is-layout-flex\">\n<div class=\"wp-block-column is-layout-flow wp-block-column-is-layout-flow\"><\/div>\n<\/div>\n\n\n\n<div class=\"wp-block-columns is-layout-flex wp-container-core-columns-is-layout-28f84493 wp-block-columns-is-layout-flex\">\n<div class=\"wp-block-column is-layout-flow wp-block-column-is-layout-flow\">\n<figure class=\"wp-block-image size-full is-resized\"><img loading=\"lazy\" decoding=\"async\" width=\"426\" height=\"607\" src=\"http:\/\/errcojo.cluster029.hosting.ovh.net\/wp-content\/uploads\/2024\/04\/IMG-20210811-WA00012.jpg\" alt=\"\" class=\"wp-image-537\" style=\"width:445px;height:auto\" srcset=\"https:\/\/www.atelier21peinture.fr\/wp-content\/uploads\/2024\/04\/IMG-20210811-WA00012.jpg 426w, https:\/\/www.atelier21peinture.fr\/wp-content\/uploads\/2024\/04\/IMG-20210811-WA00012-211x300.jpg 211w\" sizes=\"auto, (max-width: 426px) 100vw, 426px\" \/><\/figure>\n<\/div>\n\n\n\n<div class=\"wp-block-column is-layout-flow wp-block-column-is-layout-flow\">\n<p><\/p>\n\n\n\n<div class=\"wp-block-columns is-layout-flex wp-container-core-columns-is-layout-28f84493 wp-block-columns-is-layout-flex\">\n<div class=\"wp-block-column is-layout-flow wp-block-column-is-layout-flow\"><\/div>\n<\/div>\n\n\n\n<div class=\"wp-block-columns is-layout-flex wp-container-core-columns-is-layout-28f84493 wp-block-columns-is-layout-flex\">\n<div class=\"wp-block-column is-layout-flow wp-block-column-is-layout-flow\"><\/div>\n<\/div>\n\n\n\n<p><strong>Le d\u00e9clic d&rsquo;une telle attirance est peut-\u00eatre li\u00e9 au fait que la Municipalit\u00e9 de Bort l&rsquo;Etang a d\u00e9cid\u00e9 d&rsquo;organiser chaque ann\u00e9e \u00e0 la fin de l&rsquo;\u00e9t\u00e9, une journ\u00e9e pendant laquelle des artistes divers (peintres, potiers, sculpteurs, c\u00e9ramistes&#8230;) exposent leurs oeuvres dans le hameau tr\u00e8s pittoresque \u00ab\u00a0Le Boursis\u00a0\u00bb appartenant \u00e0 la commune.<\/strong><\/p>\n\n\n\n<p><strong>En fait ce hameau, o\u00f9 la maison d&rsquo;Andr\u00e9e se situe, correspond \u00e0 l&rsquo;ancien bourg du village. <\/strong><\/p>\n\n\n\n<p><strong>Gr\u00e2ce \u00e0 Andr\u00e9e, l&rsquo;Atelier 21 a pu participer \u00e0 l&rsquo;\u00e9dition 2023 des \u00ab\u00a0Arts \u00e0 Bort\u00a0\u00bb<\/strong><\/p>\n<\/div>\n<\/div>\n\n\n\n<div class=\"wp-block-columns is-layout-flex wp-container-core-columns-is-layout-28f84493 wp-block-columns-is-layout-flex\">\n<div class=\"wp-block-column is-layout-flow wp-block-column-is-layout-flow\"><\/div>\n<\/div>\n\n\n\n<div class=\"wp-block-columns is-layout-flex wp-container-core-columns-is-layout-28f84493 wp-block-columns-is-layout-flex\">\n<div class=\"wp-block-column is-layout-flow wp-block-column-is-layout-flow\" style=\"flex-basis:33.33%\">\n<p><\/p>\n\n\n\n<p><\/p>\n\n\n\n<p><strong>Cela fait moins d&rsquo;une ann\u00e9e que Andr\u00e9e a exprim\u00e9 le d\u00e9sir de s&rsquo;essayer \u00e0 la peinture \u00e0 l&rsquo;huile. <\/strong><\/p>\n\n\n\n<p><strong>En regardant ses deux premi\u00e8res r\u00e9alisations, on c&rsquo;est plut\u00f4t r\u00e9ussi. <\/strong><\/p>\n<\/div>\n\n\n\n<div class=\"wp-block-column is-layout-flow wp-block-column-is-layout-flow\" style=\"flex-basis:66.66%\">\n<figure class=\"wp-block-image size-large\"><img loading=\"lazy\" decoding=\"async\" width=\"1007\" height=\"1024\" src=\"http:\/\/errcojo.cluster029.hosting.ovh.net\/wp-content\/uploads\/2024\/04\/AM-1-120-ko-1007x1024.jpg\" alt=\"\" class=\"wp-image-812\" srcset=\"https:\/\/www.atelier21peinture.fr\/wp-content\/uploads\/2024\/04\/AM-1-120-ko-1007x1024.jpg 1007w, https:\/\/www.atelier21peinture.fr\/wp-content\/uploads\/2024\/04\/AM-1-120-ko-295x300.jpg 295w, https:\/\/www.atelier21peinture.fr\/wp-content\/uploads\/2024\/04\/AM-1-120-ko-768x781.jpg 768w, https:\/\/www.atelier21peinture.fr\/wp-content\/uploads\/2024\/04\/AM-1-120-ko.jpg 1052w\" sizes=\"auto, (max-width: 1007px) 100vw, 1007px\" \/><figcaption class=\"wp-element-caption\">Screenshot<\/figcaption><\/figure>\n<\/div>\n<\/div>\n\n\n\n<div class=\"wp-block-columns is-layout-flex wp-container-core-columns-is-layout-28f84493 wp-block-columns-is-layout-flex\">\n<div class=\"wp-block-column is-layout-flow wp-block-column-is-layout-flow\" style=\"flex-basis:66.66%\">\n<figure class=\"wp-block-image size-large\"><img loading=\"lazy\" decoding=\"async\" width=\"1024\" height=\"767\" src=\"http:\/\/errcojo.cluster029.hosting.ovh.net\/wp-content\/uploads\/2024\/07\/AM-1-420-ko-1024x767.jpg\" alt=\"\" class=\"wp-image-946\" srcset=\"https:\/\/www.atelier21peinture.fr\/wp-content\/uploads\/2024\/07\/AM-1-420-ko-1024x767.jpg 1024w, https:\/\/www.atelier21peinture.fr\/wp-content\/uploads\/2024\/07\/AM-1-420-ko-300x225.jpg 300w, https:\/\/www.atelier21peinture.fr\/wp-content\/uploads\/2024\/07\/AM-1-420-ko-768x576.jpg 768w, https:\/\/www.atelier21peinture.fr\/wp-content\/uploads\/2024\/07\/AM-1-420-ko-1536x1151.jpg 1536w, https:\/\/www.atelier21peinture.fr\/wp-content\/uploads\/2024\/07\/AM-1-420-ko.jpg 1692w\" sizes=\"auto, (max-width: 1024px) 100vw, 1024px\" \/><figcaption class=\"wp-element-caption\">Screenshot<\/figcaption><\/figure>\n<\/div>\n\n\n\n<div class=\"wp-block-column is-layout-flow wp-block-column-is-layout-flow\" style=\"flex-basis:33.33%\">\n<p><\/p>\n\n\n\n<p><\/p>\n\n\n\n<p><\/p>\n\n\n\n<p><strong>L&rsquo;infirmi\u00e8re a donc d\u00e9laiss\u00e9 la seringue pour le pinceau et \u00e0 partir de maintenant le coton ne signifie plus pour elle \u00ab\u00a0pansement\u00a0\u00bb mais \u00ab\u00a0toile \u00e0 peindre\u00a0\u00bb. <\/strong><\/p>\n<\/div>\n<\/div>\n\n\n\n<div class=\"wp-block-columns is-layout-flex wp-container-core-columns-is-layout-28f84493 wp-block-columns-is-layout-flex\">\n<div class=\"wp-block-column is-layout-flow wp-block-column-is-layout-flow\">\n<p><strong>Mais la peinture est loin d&rsquo;\u00eatre sa seule occupation : Andr\u00e9e est tr\u00e8s pr\u00e9sente aux niveau des prestations ou manifestations municipales puisqu&rsquo;elle assure en b\u00e9n\u00e9vole des permanences d&rsquo;ouverture \u00e0 la m\u00e9diath\u00e8que de Lezoux et \u00e0 la biblioth\u00e8que de Bort l&rsquo;Etang, son village. Fr\u00e9quemment, il lui arrive aussi de faire des lectures aupr\u00e8s des enfants de l&rsquo;\u00e9cole. <\/strong><\/p>\n<\/div>\n<\/div>\n\n\n\n<div class=\"wp-block-columns is-layout-flex wp-container-core-columns-is-layout-28f84493 wp-block-columns-is-layout-flex\"><\/div>\n\n\n\n<div class=\"wp-block-columns is-layout-flex wp-container-core-columns-is-layout-28f84493 wp-block-columns-is-layout-flex\">\n<div class=\"wp-block-column is-layout-flow wp-block-column-is-layout-flow\">\n<figure class=\"wp-block-image size-large\"><img loading=\"lazy\" decoding=\"async\" width=\"768\" height=\"1024\" src=\"http:\/\/errcojo.cluster029.hosting.ovh.net\/wp-content\/uploads\/2024\/04\/0-2-768x1024.jpeg\" alt=\"\" class=\"wp-image-899\" srcset=\"https:\/\/www.atelier21peinture.fr\/wp-content\/uploads\/2024\/04\/0-2-768x1024.jpeg 768w, https:\/\/www.atelier21peinture.fr\/wp-content\/uploads\/2024\/04\/0-2-225x300.jpeg 225w, https:\/\/www.atelier21peinture.fr\/wp-content\/uploads\/2024\/04\/0-2.jpeg 927w\" sizes=\"auto, (max-width: 768px) 100vw, 768px\" \/><\/figure>\n<\/div>\n\n\n\n<div class=\"wp-block-column is-layout-flow wp-block-column-is-layout-flow\">\n<p><\/p>\n\n\n\n<p><\/p>\n\n\n\n<p><\/p>\n\n\n\n<p><strong>Andr\u00e9e est une adepte de la marche, du v\u00e9lo et de randonn\u00e9es, <\/strong><\/p>\n\n\n\n<p><strong>mais aussi du qi gong !<\/strong><\/p>\n\n\n\n<p><strong>Tout cela ne l&#8217;emp\u00eache nullement, lorsqu&rsquo;elle en a l&rsquo;occasion, de prendre le large, en particulier vers l&rsquo;Espagne, pays qu&rsquo;elle appr\u00e9cie particuli\u00e8rement.<\/strong><\/p>\n\n\n\n<p><\/p>\n\n\n\n<p>.<\/p>\n\n\n\n<p><\/p>\n\n\n\n<p><\/p>\n\n\n\n<p><strong>&lt;&#8212;- En passant par S\u00e9ville&#8230;<\/strong><\/p>\n<\/div>\n<\/div>\n\n\n\n<div class=\"wp-block-columns is-layout-flex wp-container-core-columns-is-layout-28f84493 wp-block-columns-is-layout-flex\">\n<div class=\"wp-block-column is-layout-flow wp-block-column-is-layout-flow\" style=\"flex-basis:33.33%\"><\/div>\n<\/div>\n\n\n\n<div class=\"wp-block-columns is-layout-flex wp-container-core-columns-is-layout-28f84493 wp-block-columns-is-layout-flex\">\n<div class=\"wp-block-column is-layout-flow wp-block-column-is-layout-flow\">\n<p><strong>Et puis, \u00e0 la maison, un autre passe-temps, plus rare, inattendu&#8230;  <\/strong><\/p>\n<\/div>\n<\/div>\n\n\n\n<div class=\"wp-block-columns is-layout-flex wp-container-core-columns-is-layout-28f84493 wp-block-columns-is-layout-flex\">\n<div class=\"wp-block-column is-layout-flow wp-block-column-is-layout-flow\">\n<figure class=\"wp-block-image size-full\"><img loading=\"lazy\" decoding=\"async\" width=\"799\" height=\"799\" src=\"http:\/\/errcojo.cluster029.hosting.ovh.net\/wp-content\/uploads\/2024\/04\/0-5.jpeg\" alt=\"\" class=\"wp-image-907\" srcset=\"https:\/\/www.atelier21peinture.fr\/wp-content\/uploads\/2024\/04\/0-5.jpeg 799w, https:\/\/www.atelier21peinture.fr\/wp-content\/uploads\/2024\/04\/0-5-300x300.jpeg 300w, https:\/\/www.atelier21peinture.fr\/wp-content\/uploads\/2024\/04\/0-5-150x150.jpeg 150w, https:\/\/www.atelier21peinture.fr\/wp-content\/uploads\/2024\/04\/0-5-768x768.jpeg 768w\" sizes=\"auto, (max-width: 799px) 100vw, 799px\" \/><\/figure>\n<\/div>\n\n\n\n<div class=\"wp-block-column is-layout-flow wp-block-column-is-layout-flow\">\n<figure class=\"wp-block-image size-large\"><img loading=\"lazy\" decoding=\"async\" width=\"1024\" height=\"1024\" src=\"http:\/\/errcojo.cluster029.hosting.ovh.net\/wp-content\/uploads\/2024\/04\/0-6-1024x1024.jpeg\" alt=\"\" class=\"wp-image-906\" srcset=\"https:\/\/www.atelier21peinture.fr\/wp-content\/uploads\/2024\/04\/0-6-1024x1024.jpeg 1024w, https:\/\/www.atelier21peinture.fr\/wp-content\/uploads\/2024\/04\/0-6-300x300.jpeg 300w, https:\/\/www.atelier21peinture.fr\/wp-content\/uploads\/2024\/04\/0-6-150x150.jpeg 150w, https:\/\/www.atelier21peinture.fr\/wp-content\/uploads\/2024\/04\/0-6-768x768.jpeg 768w, https:\/\/www.atelier21peinture.fr\/wp-content\/uploads\/2024\/04\/0-6.jpeg 1131w\" sizes=\"auto, (max-width: 1024px) 100vw, 1024px\" \/><\/figure>\n<\/div>\n\n\n\n<div class=\"wp-block-column is-layout-flow wp-block-column-is-layout-flow\">\n<figure class=\"wp-block-image size-full\"><img loading=\"lazy\" decoding=\"async\" width=\"564\" height=\"564\" src=\"http:\/\/errcojo.cluster029.hosting.ovh.net\/wp-content\/uploads\/2024\/04\/0-3.jpeg\" alt=\"\" class=\"wp-image-908\" srcset=\"https:\/\/www.atelier21peinture.fr\/wp-content\/uploads\/2024\/04\/0-3.jpeg 564w, https:\/\/www.atelier21peinture.fr\/wp-content\/uploads\/2024\/04\/0-3-300x300.jpeg 300w, https:\/\/www.atelier21peinture.fr\/wp-content\/uploads\/2024\/04\/0-3-150x150.jpeg 150w\" sizes=\"auto, (max-width: 564px) 100vw, 564px\" \/><\/figure>\n<\/div>\n<\/div>\n\n\n\n<div class=\"wp-block-columns is-layout-flex wp-container-core-columns-is-layout-28f84493 wp-block-columns-is-layout-flex\">\n<div class=\"wp-block-column is-layout-flow wp-block-column-is-layout-flow\" style=\"flex-basis:66.66%\">\n<p><\/p>\n\n\n\n<p><\/p>\n\n\n\n<p><strong> &#8230; effectu\u00e9 avec patience et un certain don : la restauration de chaises ou fauteuils. <\/strong><\/p>\n<\/div>\n\n\n\n<div class=\"wp-block-column is-layout-flow wp-block-column-is-layout-flow\" style=\"flex-basis:33.33%\">\n<figure class=\"wp-block-image size-large\"><img loading=\"lazy\" decoding=\"async\" width=\"1024\" height=\"1024\" src=\"http:\/\/errcojo.cluster029.hosting.ovh.net\/wp-content\/uploads\/2024\/04\/0-4-1024x1024.jpeg\" alt=\"\" class=\"wp-image-909\" srcset=\"https:\/\/www.atelier21peinture.fr\/wp-content\/uploads\/2024\/04\/0-4-1024x1024.jpeg 1024w, https:\/\/www.atelier21peinture.fr\/wp-content\/uploads\/2024\/04\/0-4-300x300.jpeg 300w, https:\/\/www.atelier21peinture.fr\/wp-content\/uploads\/2024\/04\/0-4-150x150.jpeg 150w, https:\/\/www.atelier21peinture.fr\/wp-content\/uploads\/2024\/04\/0-4-768x768.jpeg 768w, https:\/\/www.atelier21peinture.fr\/wp-content\/uploads\/2024\/04\/0-4.jpeg 1131w\" sizes=\"auto, (max-width: 1024px) 100vw, 1024px\" \/><\/figure>\n<\/div>\n<\/div>\n\n\n\n<div class=\"wp-block-columns is-layout-flex wp-container-core-columns-is-layout-28f84493 wp-block-columns-is-layout-flex\">\n<div class=\"wp-block-column is-layout-flow wp-block-column-is-layout-flow\">\n<div class=\"wp-block-columns is-layout-flex wp-container-core-columns-is-layout-28f84493 wp-block-columns-is-layout-flex\"><\/div>\n<\/div>\n<\/div>\n\n\n\n<div class=\"wp-block-columns is-layout-flex wp-container-core-columns-is-layout-28f84493 wp-block-columns-is-layout-flex\">\n<div class=\"wp-block-column is-layout-flow wp-block-column-is-layout-flow\">\n<p>\u00ab\u00a0<em><b>LES ARTS A BORT<\/b><\/em>\u00a0\u00bb : <strong>Cette manifestation est tr\u00e8s originale dans sa pr\u00e9sentation : les stands ne sont pas dress\u00e9s dans les rues, places ou recoins divers que comprend le village mais les habitants, dont Andr\u00e9e fait partie, ouvrent leurs maisons aux artistes, ou encore leur pr\u00eatent ici un appentis, l\u00e0 une grange&#8230; afin d&rsquo;exposer leurs oeuvres. <\/strong><\/p>\n\n\n\n<p><strong>La plupart des b\u00e2timents devenant un lieu d&rsquo;exposition, une promenade au long des rues \u00e9troites et typiques orn\u00e9es par les oeuvres artistiques est des plus agr\u00e9ables, un enchantement m\u00eame. <\/strong><\/p>\n\n\n\n<p><strong>A ne pas manquer<\/strong> ! <\/p>\n<\/div>\n\n\n\n<div class=\"wp-block-column is-layout-flow wp-block-column-is-layout-flow\">\n<figure class=\"wp-block-image size-large\"><img loading=\"lazy\" decoding=\"async\" width=\"1024\" height=\"1024\" src=\"http:\/\/errcojo.cluster029.hosting.ovh.net\/wp-content\/uploads\/2024\/04\/0-1-1024x1024.jpeg\" alt=\"\" class=\"wp-image-798\" srcset=\"https:\/\/www.atelier21peinture.fr\/wp-content\/uploads\/2024\/04\/0-1-1024x1024.jpeg 1024w, https:\/\/www.atelier21peinture.fr\/wp-content\/uploads\/2024\/04\/0-1-300x300.jpeg 300w, https:\/\/www.atelier21peinture.fr\/wp-content\/uploads\/2024\/04\/0-1-150x150.jpeg 150w, https:\/\/www.atelier21peinture.fr\/wp-content\/uploads\/2024\/04\/0-1-768x768.jpeg 768w, https:\/\/www.atelier21peinture.fr\/wp-content\/uploads\/2024\/04\/0-1.jpeg 1072w\" sizes=\"auto, (max-width: 1024px) 100vw, 1024px\" \/><\/figure>\n<\/div>\n<\/div>\n\n\n\n<div class=\"wp-block-columns is-layout-flex wp-container-core-columns-is-layout-28f84493 wp-block-columns-is-layout-flex\">\n<div class=\"wp-block-column is-layout-flow wp-block-column-is-layout-flow\">\n<div class=\"wp-block-columns is-layout-flex wp-container-core-columns-is-layout-28f84493 wp-block-columns-is-layout-flex\">\n<div class=\"wp-block-column is-layout-flow wp-block-column-is-layout-flow\">\n<figure class=\"wp-block-image size-full\"><img loading=\"lazy\" decoding=\"async\" width=\"564\" height=\"564\" src=\"http:\/\/errcojo.cluster029.hosting.ovh.net\/wp-content\/uploads\/2024\/04\/0-7.jpeg\" alt=\"\" class=\"wp-image-917\" srcset=\"https:\/\/www.atelier21peinture.fr\/wp-content\/uploads\/2024\/04\/0-7.jpeg 564w, https:\/\/www.atelier21peinture.fr\/wp-content\/uploads\/2024\/04\/0-7-300x300.jpeg 300w, https:\/\/www.atelier21peinture.fr\/wp-content\/uploads\/2024\/04\/0-7-150x150.jpeg 150w\" sizes=\"auto, (max-width: 564px) 100vw, 564px\" \/><\/figure>\n<\/div>\n\n\n\n<div class=\"wp-block-column is-layout-flow wp-block-column-is-layout-flow\">\n<figure class=\"wp-block-image size-full\"><img loading=\"lazy\" decoding=\"async\" width=\"564\" height=\"564\" src=\"http:\/\/errcojo.cluster029.hosting.ovh.net\/wp-content\/uploads\/2024\/04\/0-1-1.jpeg\" alt=\"\" class=\"wp-image-918\" srcset=\"https:\/\/www.atelier21peinture.fr\/wp-content\/uploads\/2024\/04\/0-1-1.jpeg 564w, https:\/\/www.atelier21peinture.fr\/wp-content\/uploads\/2024\/04\/0-1-1-300x300.jpeg 300w, https:\/\/www.atelier21peinture.fr\/wp-content\/uploads\/2024\/04\/0-1-1-150x150.jpeg 150w\" sizes=\"auto, (max-width: 564px) 100vw, 564px\" \/><\/figure>\n<\/div>\n<\/div>\n<\/div>\n<\/div>\n\n\n\n<p><strong>Deux \u00e9ditions de cette manifestation ont d\u00e9j\u00e0 eu lieu et attir\u00e9 beaucoup de monde, confirmant d\u00e9j\u00e0 un certain  succ\u00e8s et un bel avenir pour cette journ\u00e9e consacr\u00e9e aux Arts<\/strong>.<\/p>\n<\/div>\n<\/div>\n\n\n\n<div class=\"wp-block-columns is-layout-flex wp-container-core-columns-is-layout-28f84493 wp-block-columns-is-layout-flex\">\n<div class=\"wp-block-column is-layout-flow wp-block-column-is-layout-flow\"><\/div>\n<\/div>\n\n\n\n<div class=\"wp-block-columns alignwide is-layout-flex wp-container-core-columns-is-layout-28f84493 wp-block-columns-is-layout-flex\">\n<div class=\"wp-block-column is-layout-flow wp-block-column-is-layout-flow\" style=\"flex-basis:66.66%\">\n<figure class=\"wp-block-image alignleft size-full is-resized\"><img loading=\"lazy\" decoding=\"async\" width=\"599\" height=\"599\" src=\"http:\/\/errcojo.cluster029.hosting.ovh.net\/wp-content\/uploads\/2024\/04\/0.jpeg\" alt=\"\" class=\"wp-image-797\" style=\"width:397px;height:auto\" srcset=\"https:\/\/www.atelier21peinture.fr\/wp-content\/uploads\/2024\/04\/0.jpeg 599w, https:\/\/www.atelier21peinture.fr\/wp-content\/uploads\/2024\/04\/0-300x300.jpeg 300w, https:\/\/www.atelier21peinture.fr\/wp-content\/uploads\/2024\/04\/0-150x150.jpeg 150w\" sizes=\"auto, (max-width: 599px) 100vw, 599px\" \/><\/figure>\n<\/div>\n\n\n\n<div class=\"wp-block-column is-layout-flow wp-block-column-is-layout-flow\" style=\"flex-basis:33.33%\">\n<p><\/p>\n\n\n\n<p><\/p>\n\n\n\n<p><\/p>\n\n\n\n<p><strong>R\u00e9cent s\u00e9jour tranquille en bord de mer<\/strong>.<\/p>\n<\/div>\n<\/div>\n\n\n\n<div class=\"wp-block-columns alignwide is-layout-flex wp-container-core-columns-is-layout-28f84493 wp-block-columns-is-layout-flex\"><\/div>\n\n\n\n<p><\/p>\n\n\n\n<div class=\"wp-block-columns alignwide is-layout-flex wp-container-core-columns-is-layout-28f84493 wp-block-columns-is-layout-flex\">\n<div class=\"wp-block-column is-layout-flow wp-block-column-is-layout-flow\"><\/div>\n<\/div>\n\n\n\n<div class=\"wp-block-columns alignwide is-layout-flex wp-container-core-columns-is-layout-28f84493 wp-block-columns-is-layout-flex\">\n<div class=\"wp-block-column is-layout-flow wp-block-column-is-layout-flow\"><\/div>\n\n\n\n<div class=\"wp-block-column is-layout-flow wp-block-column-is-layout-flow\"><\/div>\n\n\n\n<div class=\"wp-block-column is-layout-flow wp-block-column-is-layout-flow\"><\/div>\n<\/div>\n","protected":false},"excerpt":{"rendered":"<p>Apr\u00e8s une carri\u00e8re bien remplie, cette ex-infirmi\u00e8re a montr\u00e9, elle aussi, une attirance pour la peinture et d\u00e9cid\u00e9 de consacrer \u00e0 cet art une partie du temps qu&rsquo;elle a d\u00e9sormais libre. Le d\u00e9clic d&rsquo;une telle attirance est peut-\u00eatre li\u00e9 au fait que la Municipalit\u00e9 de Bort l&rsquo;Etang a d\u00e9cid\u00e9 d&rsquo;organiser chaque ann\u00e9e \u00e0 la fin [&hellip;]<\/p>\n","protected":false},"author":1,"featured_media":0,"parent":0,"menu_order":0,"comment_status":"closed","ping_status":"closed","template":"","meta":{"footnotes":""},"class_list":["post-326","page","type-page","status-publish","hentry"],"_links":{"self":[{"href":"https:\/\/www.atelier21peinture.fr\/index.php\/wp-json\/wp\/v2\/pages\/326","targetHints":{"allow":["GET"]}}],"collection":[{"href":"https:\/\/www.atelier21peinture.fr\/index.php\/wp-json\/wp\/v2\/pages"}],"about":[{"href":"https:\/\/www.atelier21peinture.fr\/index.php\/wp-json\/wp\/v2\/types\/page"}],"author":[{"embeddable":true,"href":"https:\/\/www.atelier21peinture.fr\/index.php\/wp-json\/wp\/v2\/users\/1"}],"replies":[{"embeddable":true,"href":"https:\/\/www.atelier21peinture.fr\/index.php\/wp-json\/wp\/v2\/comments?post=326"}],"version-history":[{"count":46,"href":"https:\/\/www.atelier21peinture.fr\/index.php\/wp-json\/wp\/v2\/pages\/326\/revisions"}],"predecessor-version":[{"id":948,"href":"https:\/\/www.atelier21peinture.fr\/index.php\/wp-json\/wp\/v2\/pages\/326\/revisions\/948"}],"wp:attachment":[{"href":"https:\/\/www.atelier21peinture.fr\/index.php\/wp-json\/wp\/v2\/media?parent=326"}],"curies":[{"name":"wp","href":"https:\/\/api.w.org\/{rel}","templated":true}]}}